{"id":1110,"date":"2025-04-12T21:31:47","date_gmt":"2025-04-13T00:31:47","guid":{"rendered":"https:\/\/dfc.uchile.cl\/inicio\/?page_id=1110"},"modified":"2026-05-07T00:35:27","modified_gmt":"2026-05-07T03:35:27","slug":"seminarios-2","status":"publish","type":"page","link":"https:\/\/dfc.uchile.cl\/inicio\/seminarios-2\/","title":{"rendered":"Seminarios"},"content":{"rendered":"<h3>2026<\/h3>\n<table>\n<thead>\n<tr>\n<th>Fecha<\/th>\n<th>Expositor<\/th>\n<th>T\u00edtulo<\/th>\n<\/tr>\n<\/thead>\n<tbody>\n<tr>\n<td>22\/04<\/td>\n<td><strong>Prof. Juan Mar\u00edn<\/strong> UTEM (F\u00edsica no lineal)<\/td>\n<td>Generaci\u00f3n controlada de ondas en fluidos forzados verticalmente: de la f\u00edsica fundamental a la din\u00e1mica de tsunamis y olas rebeldes<\/td>\n<\/tr>\n<tr>\n<td>29\/04<\/td>\n<td><strong>Dr. Jaime Romero<\/strong> CCHEN (F\u00edsica nuclear)<\/td>\n<td>Monte Carlo tiempo dependiente de sistemas f\u00edsiles con precursores individuales: desarrollo y validaci\u00f3n de OpenMC(TD)<\/td>\n<\/tr>\n<tr>\n<td>13\/05<\/td>\n<td><strong>Dr. Iv\u00e1n Gallo<\/strong> UChile (Plasmas)<\/td>\n<td>\u2014<\/td>\n<\/tr>\n<tr>\n<td>20\/05<\/td>\n<td><strong>Prof. Andrea Russomando<\/strong> PUC (F\u00edsica M\u00e9dica)<\/td>\n<td>\u2014<\/td>\n<\/tr>\n<tr>\n<td>27\/05<\/td>\n<td><strong>Prof. Jilberto Zamora<\/strong> UNAB (F\u00edsica de part\u00edculas)<\/td>\n<td>\u2014<\/td>\n<\/tr>\n<tr>\n<td>10\/06<\/td>\n<td><strong>Dra. Carolina Charalambous<\/strong> PUC (Astronom\u00eda)<\/td>\n<td>\u2014<\/td>\n<\/tr>\n<tr>\n<td>17\/06<\/td>\n<td><strong>Prof. Diego Guzm\u00e1n<\/strong> UChile (\u00d3ptica)<\/td>\n<td>\u2014<\/td>\n<\/tr>\n<tr>\n<td>24\/06<\/td>\n<td><strong>Prof. Mario Riquelme<\/strong> UChile (Astrof\u00edsica)<\/td>\n<td>\u2014<\/td>\n<\/tr>\n<\/tbody>\n<\/table>\n<h3>2025<\/h3>\n<table>\n<thead>\n<tr>\n<th>Fecha<\/th>\n<th>Expositor<\/th>\n<th>T\u00edtulo<\/th>\n<\/tr>\n<\/thead>\n<tbody>\n<tr>\n<td>13\/08<\/td>\n<td><strong>Prof. Sim\u00f3n Poblete<\/strong><br \/>\n<em>Centro BASAL Ciencia y Vida; Facultad de Ingenier\u00eda, Universidad San Sebasti\u00e1n<\/em><\/td>\n<td>Multiscale simulations of nucleic acids<\/td>\n<\/tr>\n<tr>\n<td>20\/08<\/td>\n<td><strong>Prof. Andr\u00e9s Jordan<\/strong><br \/>\n<em>Instituto Milenio de Astrof\u00edsica MAS; Facultad de Ingenier\u00eda y Ciencias, Universidad Adolfo Ib\u00e1\u00f1ez<\/em><\/td>\n<td>\u2014<\/td>\n<\/tr>\n<tr>\n<td>27\/08<\/td>\n<td><strong>Prof. Juan Mar\u00edn<\/strong><br \/>\n<em>Departamento de F\u00edsica, Facultad de Ciencias Naturales, Matem\u00e1tica y del Medio Ambiente<\/em><\/td>\n<td>\u2014<\/td>\n<\/tr>\n<tr>\n<td>10\/09<\/td>\n<td><strong>Dr. Mat\u00edas Sep\u00falveda<\/strong><br \/>\n<em>Departamento de F\u00edsica, Universidad de Chile<\/em><\/td>\n<td>\u2014<\/td>\n<\/tr>\n<tr>\n<td>24\/09<\/td>\n<td><strong>Prof. Soledad Guti\u00e9rrez<\/strong><br \/>\n<em>Pontificia Universidad Cat\u00f3lica de Chile<\/em><\/td>\n<td>\u2014<\/td>\n<\/tr>\n<tr>\n<td>08\/10<\/td>\n<td><strong>International Symposium<\/strong><br \/>\n<em>Cosmology and Cosmic Evolution<\/em><\/td>\n<td>\u2014<\/td>\n<\/tr>\n<tr>\n<td>15\/10<\/td>\n<td><strong>Prof. Roberto Rodr\u00edguez<\/strong><br \/>\n<em>Departamento de F\u00edsica, Pontificia Universidad Cat\u00f3lica de Chile<\/em><\/td>\n<td>\u2014<\/td>\n<\/tr>\n<tr>\n<td>22\/10<\/td>\n<td><strong>Prof. Mat\u00edas Vidal<\/strong><br \/>\n<em>Departamento de F\u00edsica, Universidad Aut\u00f3noma de Chile<\/em><\/td>\n<td>\u2014<\/td>\n<\/tr>\n<tr>\n<td>29\/10<\/td>\n<td><strong>Prof. Jaime Cisternas<\/strong><br \/>\n<em>Facultad de Ingenier\u00eda y Ciencias Aplicadas, Universidad de los Andes, Chile<\/em><\/td>\n<td>\u2014<\/td>\n<\/tr>\n<tr>\n<td>05\u201326\/11<\/td>\n<td><strong>Celebraci\u00f3n 60 a\u00f1os Facultad de Ciencias<\/strong><\/td>\n<td>Actividades especiales<\/td>\n<\/tr>\n<tr>\n<td>10\/12<\/td>\n<td><strong>Prof. Pablo Moya<\/strong><br \/>\n<em>Departamento de F\u00edsica, Universidad de Chile<\/em><\/td>\n<td>Cierre Seminarios 2025<\/td>\n<\/tr>\n<\/tbody>\n<\/table>\n<h3 style=\"margin-top: 1.5em;\">Primer Semestre<\/h3>\n<table>\n<thead>\n<tr>\n<th>Fecha<\/th>\n<th>Expositor<\/th>\n<th>T\u00edtulo<\/th>\n<\/tr>\n<\/thead>\n<tbody>\n<tr>\n<td>09\/04<\/td>\n<td><strong>Prof. Gonzalo Guti\u00e9rrez<\/strong><br \/>\n<em>Departamento de F\u00edsica, Facultad de Ciencias, Universidad de Chile<\/em><\/td>\n<td>Litio en Chile: Actualidad y Perspectivas<\/td>\n<\/tr>\n<tr>\n<td>23\/04<\/td>\n<td><strong>Prof. Claudio Gonz\u00e1lez<\/strong><br \/>\n<em>Instituto de F\u00edsica, Pontificia Universidad Cat\u00f3lica de Chile<\/em><\/td>\n<td>Perspectivas de la espintr\u00f3nica experimental en Chile<\/td>\n<\/tr>\n<tr>\n<td>30\/04<\/td>\n<td><strong>Prof. Felipe Herrera<\/strong><br \/>\n<em>Departamento de F\u00edsica, Universidad de Santiago de Chile<\/em><\/td>\n<td>New chemistry with cavity quantum electrodynamics<\/td>\n<\/tr>\n<tr>\n<td>28\/05<\/td>\n<td><strong>Dr. Manuel Herrera<\/strong><br \/>\n<em>Instituto de Filosof\u00eda, Pontificia Universidad Cat\u00f3lica de Chile<\/em><\/td>\n<td>Identity super-substantivalism and field physical theories<\/td>\n<\/tr>\n<tr>\n<td>18\/06<\/td>\n<td><strong>Prof. Victor Mu\u00f1oz<\/strong><br \/>\n<em>Departamento de F\u00edsica, Universidad de Chile<\/em><\/td>\n<td>Siguiendo la evoluci\u00f3n de sistemas f\u00edsicos con redes complejas<\/td>\n<\/tr>\n<tr>\n<td>26\/06<\/td>\n<td><strong>Dr. Lisan Cabrera-Gonz\u00e1lez<\/strong><br \/>\n<em>The University of Manchester, UK<\/em><\/td>\n<td>Transferability of Interacting Quantum Atoms (IQA) energies via machine learning<\/td>\n<\/tr>\n<\/tbody>\n<\/table>\n<p style=\"margin-top: 1em;\"><strong>\u00bfTe gustar\u00eda dar un seminario en nuestro departamento?<\/strong><br \/>\nEscr\u00edbenos a: <a href=\"mailto:andrea.leon@uchile.cl\">andrea.leon@uchile.cl<\/a><\/p>\n","protected":false},"excerpt":{"rendered":"<p>2026 Fecha Expositor T\u00edtulo 22\/04 Prof. Juan Mar\u00edn UTEM (F\u00edsica no lineal) Generaci\u00f3n controlada de ondas en fluidos forzados verticalmente: de la f\u00edsica fundamental a la din\u00e1mica de tsunamis y olas rebeldes 29\/04 Dr. Jaime Romero CCHEN (F\u00edsica nuclear) Monte Carlo tiempo dependiente de sistemas f\u00edsiles con precursores individuales: desarrollo y validaci\u00f3n de OpenMC(TD) 13\/05 [&hellip;]<\/p>\n","protected":false},"author":2,"featured_media":0,"parent":0,"menu_order":0,"comment_status":"closed","ping_status":"closed","template":"","meta":{"footnotes":""},"class_list":["post-1110","page","type-page","status-publish"],"_links":{"self":[{"href":"https:\/\/dfc.uchile.cl\/inicio\/wp-json\/wp\/v2\/pages\/1110","targetHints":{"allow":["GET"]}}],"collection":[{"href":"https:\/\/dfc.uchile.cl\/inicio\/wp-json\/wp\/v2\/pages"}],"about":[{"href":"https:\/\/dfc.uchile.cl\/inicio\/wp-json\/wp\/v2\/types\/page"}],"author":[{"embeddable":true,"href":"https:\/\/dfc.uchile.cl\/inicio\/wp-json\/wp\/v2\/users\/2"}],"replies":[{"embeddable":true,"href":"https:\/\/dfc.uchile.cl\/inicio\/wp-json\/wp\/v2\/comments?post=1110"}],"version-history":[{"count":24,"href":"https:\/\/dfc.uchile.cl\/inicio\/wp-json\/wp\/v2\/pages\/1110\/revisions"}],"predecessor-version":[{"id":1349,"href":"https:\/\/dfc.uchile.cl\/inicio\/wp-json\/wp\/v2\/pages\/1110\/revisions\/1349"}],"wp:attachment":[{"href":"https:\/\/dfc.uchile.cl\/inicio\/wp-json\/wp\/v2\/media?parent=1110"}],"curies":[{"name":"wp","href":"https:\/\/api.w.org\/{rel}","templated":true}]}}