{"id":123,"date":"2022-11-14T21:51:39","date_gmt":"2022-11-15T00:51:39","guid":{"rendered":"https:\/\/dfc.uchile.cl\/inicio\/?page_id=123"},"modified":"2022-11-18T13:52:26","modified_gmt":"2022-11-18T16:52:26","slug":"historia","status":"publish","type":"page","link":"https:\/\/dfc.uchile.cl\/inicio\/historia\/","title":{"rendered":"Historia"},"content":{"rendered":"<div id=\"tdi_1\" class=\"tdc-zone\"><div class=\"tdc_zone tdi_2  wpb_row td-pb-row\"  >\n<style scoped>\n\n\/* custom css *\/\n.tdi_2{\r\n                    min-height: 0;\r\n                }\n<\/style><div id=\"tdi_3\" class=\"tdc-row stretch_row\"><div class=\"vc_row tdi_4  wpb_row td-pb-row tdc-row-content-vert-center\" >\n<style scoped>\n\n\/* custom css *\/\n.tdi_4,\r\n                .tdi_4 .tdc-columns{\r\n                    min-height: 0;\r\n                }.tdi_4,\r\n\t\t\t\t.tdi_4 .tdc-columns{\r\n\t\t\t\t    display: block;\r\n\t\t\t\t}.tdi_4 .tdc-columns{\r\n\t\t\t\t    width: 100%;\r\n\t\t\t\t}@media (min-width: 767px) {\r\n                    .tdi_4.tdc-row-content-vert-center,\r\n                    .tdi_4.tdc-row-content-vert-center .tdc-columns {\r\n                        display: flex;\r\n                        align-items: center;\r\n                        flex: 1;\r\n                    }\r\n                    .tdi_4.tdc-row-content-vert-bottom,\r\n                    .tdi_4.tdc-row-content-vert-bottom .tdc-columns {\r\n                        display: flex;\r\n                        align-items: flex-end;\r\n                        flex: 1;\r\n                    }\r\n                    .tdi_4.tdc-row-content-vert-center .td_block_wrap {\r\n                        vertical-align: middle;\r\n                    }\r\n                    .tdi_4.tdc-row-content-vert-bottom .td_block_wrap {\r\n                        vertical-align: bottom;\r\n                    }\r\n                }\n\/* inline tdc_css att *\/\n\n.tdi_4{\nmargin-top:-46px !important;\nmargin-bottom:1px !important;\npadding-top:40px !important;\n}\n\n.tdi_4 .td_block_wrap{ text-align:left }\n\n<\/style><div class=\"vc_column tdi_6  wpb_column vc_column_container tdc-column td-pb-span12\">\n<style scoped>\n\n\/* custom css *\/\n.tdi_6{\r\n                    vertical-align: baseline;\r\n                }.tdi_6 > .wpb_wrapper,\r\n\t\t\t\t.tdi_6 > .wpb_wrapper > .tdc-elements{\r\n\t\t\t\t    display: block;\r\n\t\t\t\t}.tdi_6 > .wpb_wrapper > .tdc-elements{\r\n\t\t\t\t    width: 100%;\r\n\t\t\t\t}.tdi_6 > .wpb_wrapper > .vc_row_inner{\r\n\t\t\t\t    width: auto;\r\n\t\t\t\t}.tdi_6 > .wpb_wrapper{\r\n\t\t\t\t    width: auto;\r\n\t\t\t\t    height: auto;\r\n\t\t\t\t}\n\/* inline tdc_css att *\/\n\n.tdi_6{\nmargin-bottom:2px !important;\n}\n\n<\/style><div class=\"wpb_wrapper\" ><div class=\"td_block_wrap td_block_title tdi_7 td-pb-border-top td_block_template_9 td-fix-index\"  data-td-block-uid=\"tdi_7\" >\n<style>\n.td_block_template_9.widget > ul > li {\r\n                margin-left: 0 !important;\r\n            }\r\n            .td_block_template_9 .td-block-title {\r\n                font-size: 17px;\r\n                font-weight: 500;\r\n                margin-top: -10px;\r\n                margin-bottom: 22px;\r\n                line-height: 37px;\r\n                padding: 0;\r\n                position: relative;\r\n                text-align: left;\r\n            }\r\n            .td_block_template_9 .td-block-title:before {\r\n                content: '';\r\n                width: 100%;\r\n                height: 2px;\r\n                position: absolute;\r\n                top: 100%;\r\n                left: 0;\r\n                background-color: #f5f5f5;\r\n            }\r\n            .td_block_template_9 .td-block-title:after {\r\n                content: '';\r\n                width: 50px;\r\n                height: 2px;\r\n                position: absolute;\r\n                top: 100%;\r\n                left: 0;\r\n                margin: auto;\r\n                background-color: #4db2ec;\r\n            }\r\n            .td_block_template_9 .td-block-title > * {\r\n                color: #000;\r\n            }\r\n            .td_block_template_9 .td-subcat-filter {\r\n                line-height: 37px;\r\n                display: table;\r\n            }\r\n            .td_block_template_9 .td-subcat-dropdown {\r\n                line-height: 1;\r\n                position: static;\r\n            }\r\n            .td_block_template_9 .td-subcat-dropdown .td-subcat-more {\r\n                margin-bottom: 0 !important;\r\n            }\r\n            .td_block_template_9 .td-subcat-dropdown ul:after {\r\n                height: 2px !important;\r\n            }\r\n            .td_block_template_9 .td-related-title {\r\n                margin-top: 0 !important;\r\n            }\r\n            .td_block_template_9 .td-related-title a {\r\n                margin-right: 20px;\r\n            }\r\n            @media (max-width: 767px) {\r\n                .td_block_template_9 .td-related-title a{\r\n                    font-size: 15px;\r\n                }\r\n            }\r\n            .td_block_template_9 .td-related-title .td-cur-simple-item {\r\n                color: #4db2ec;\r\n            }\r\n            \r\n            \r\n\r\n            \r\n            .tdi_7 .td-block-title > * {\r\n                color: #003b7f !important;\r\n            }\n\/* inline tdc_css att *\/\n\n.tdi_7{\nmargin-bottom:2px !important;\npadding-bottom:15px !important;\n}\n\n<\/style>\n<style>\n\/* custom css *\/\nbody .tdi_7 .td-block-title a,\r\n\t\t\t\tbody .tdi_7 .td-block-title span{\r\n\t\t\t\t\tfont-family:Dosis !important;font-size:36px !important;font-weight:500 !important;\r\n\t\t\t\t}body .tdi_7 .td-block-title{\r\n\t\t\t\t\ttext-align: left;\r\n\t\t\t\t}body .tdi_7.td_block_template_4 .td-block-title > *:before{\r\n\t\t\t\t    right: auto;\r\n\t\t\t\t    left: 10px;\r\n\t\t\t\t}body .tdi_7.td_block_template_5 .td-block-title > *{\r\n\t\t\t\t    border-width: 0 0 0 4px;\r\n\t\t\t\t}body .tdi_7.td_block_template_8 .td-block-title > *{\r\n\t\t\t\t\tpadding-left: 0;\r\n\t\t\t\t\tpadding-right: 20px;\r\n\t\t\t\t}body .tdi_7.td_block_template_9 .td-block-title:after{\r\n\t\t\t\t\tright: auto;\r\n\t\t\t\t\tleft: 0;\r\n\t\t\t\t}body .tdi_7.td_block_template_13 .td-block-subtitle{\r\n\t\t\t\t\tright: auto;\r\n\t\t\t\t\tleft: -4px;\r\n\t\t\t\t}body .tdi_7.td_block_template_17 .td-block-title:after{\r\n\t\t\t\t\tright: auto;\r\n\t\t\t\t\tleft: 15px;\r\n\t\t\t\t}\n<\/style><div class=\"td-block-title-wrap\"><h4 class=\"td-block-title\"><span class=\"td-pulldown-size\">Nuestra historia<\/span><\/h4><\/div><\/div><\/div><\/div><\/div><\/div><div id=\"tdi_8\" class=\"tdc-row\"><div class=\"vc_row tdi_9  wpb_row td-pb-row\" >\n<style scoped>\n\n\/* custom css *\/\n.tdi_9,\r\n                .tdi_9 .tdc-columns{\r\n                    min-height: 0;\r\n                }.tdi_9,\r\n\t\t\t\t.tdi_9 .tdc-columns{\r\n\t\t\t\t    display: block;\r\n\t\t\t\t}.tdi_9 .tdc-columns{\r\n\t\t\t\t    width: 100%;\r\n\t\t\t\t}\n<\/style><div class=\"vc_column tdi_11  wpb_column vc_column_container tdc-column td-pb-span12\">\n<style scoped>\n\n\/* custom css *\/\n.tdi_11{\r\n                    vertical-align: baseline;\r\n                }.tdi_11 > .wpb_wrapper,\r\n\t\t\t\t.tdi_11 > .wpb_wrapper > .tdc-elements{\r\n\t\t\t\t    display: block;\r\n\t\t\t\t}.tdi_11 > .wpb_wrapper > .tdc-elements{\r\n\t\t\t\t    width: 100%;\r\n\t\t\t\t}.tdi_11 > .wpb_wrapper > .vc_row_inner{\r\n\t\t\t\t    width: auto;\r\n\t\t\t\t}.tdi_11 > .wpb_wrapper{\r\n\t\t\t\t    width: auto;\r\n\t\t\t\t    height: auto;\r\n\t\t\t\t}\n<\/style><div class=\"wpb_wrapper\" ><div class=\"vc_row_inner tdi_13  vc_row vc_inner wpb_row td-pb-row\" >\n<style scoped>\n\n\/* custom css *\/\n.tdi_13{\r\n                    position: relative !important;\r\n                    top: 0;\r\n                    transform: none;\r\n                    -webkit-transform: none;\r\n                }.tdi_13,\r\n\t\t\t\t.tdi_13 .tdc-inner-columns{\r\n\t\t\t\t    display: block;\r\n\t\t\t\t}.tdi_13 .tdc-inner-columns{\r\n\t\t\t\t    width: 100%;\r\n\t\t\t\t}\n<\/style><div class=\"vc_column_inner tdi_15  wpb_column vc_column_container tdc-inner-column td-pb-span6\">\n<style scoped>\n\n\/* custom css *\/\n.tdi_15{\r\n                    vertical-align: baseline;\r\n                }.tdi_15 .vc_column-inner > .wpb_wrapper,\r\n\t\t\t\t.tdi_15 .vc_column-inner > .wpb_wrapper .tdc-elements{\r\n\t\t\t\t    display: block;\r\n\t\t\t\t}.tdi_15 .vc_column-inner > .wpb_wrapper .tdc-elements{\r\n\t\t\t\t    width: 100%;\r\n\t\t\t\t}\n<\/style><div class=\"vc_column-inner\"><div class=\"wpb_wrapper\" ><div class=\"td_block_wrap td_block_text_with_title tdi_16 tagdiv-type td-pb-border-top td_block_template_2\"  data-td-block-uid=\"tdi_16\" >\n<style>\n\/* custom css *\/\n.td_block_text_with_title{\r\n                  margin-bottom: 44px;\r\n                  -webkit-transform: translateZ(0);\r\n                  transform: translateZ(0);\r\n                }.td_block_text_with_title p:last-child{\r\n                  margin-bottom: 0;\r\n                }\n<\/style><div class=\"td-block-title-wrap\"><\/div><div class=\"td_mod_wrap td-fix-index\"><p style=\"text-align: justify;\">El Departamento de F\u00edsica se cre\u00f3 el <strong>a\u00f1o 1965<\/strong>, junto con la fundaci\u00f3n de la Facultad de Ciencias de la Universidad de Chile. Es el continuador natural del Instituto de F\u00edsica y Matem\u00e1ticas, que desde una d\u00e9cada antes funcionaba en la Escuela de Ingenier\u00eda de esta casa de estudios y era uno de los pocos lugares donde se realizaba investigaci\u00f3n.<\/p>\n<p style=\"text-align: justify;\"><strong>En 1968<\/strong>, la Universidad adquiri\u00f3 terrenos en la chacra Santa Julia, en la comuna de Macul, donde inici\u00f3 la construcci\u00f3n de instalaciones para el funcionamiento de la naciente facultad en un recinto propio, zona que hasta el d\u00eda de hoy alberga tanto a la Facultad como al Departamento de F\u00edsica.<\/p>\n<p style=\"text-align: justify;\">Desde sus or\u00edgenes, el Departamento se plante\u00f3 como obligaci\u00f3n principal hacer investigaci\u00f3n y docencia de pregrado y postgrado al m\u00e1s alto nivel as\u00ed como, tambi\u00e9n, participar en actividades de extensi\u00f3n universitaria, instancias que hoy se cumplen a cabalidad.<\/p>\n<\/div><\/div><\/div><\/div><\/div><div class=\"vc_column_inner tdi_18  wpb_column vc_column_container tdc-inner-column td-pb-span6\">\n<style scoped>\n\n\/* custom css *\/\n.tdi_18{\r\n                    vertical-align: baseline;\r\n                }.tdi_18 .vc_column-inner > .wpb_wrapper,\r\n\t\t\t\t.tdi_18 .vc_column-inner > .wpb_wrapper .tdc-elements{\r\n\t\t\t\t    display: block;\r\n\t\t\t\t}.tdi_18 .vc_column-inner > .wpb_wrapper .tdc-elements{\r\n\t\t\t\t    width: 100%;\r\n\t\t\t\t}\n<\/style><div class=\"vc_column-inner\"><div class=\"wpb_wrapper\" ><div class=\"tdm_block td_block_wrap tdm_block_inline_image tdi_19 td-animation-stack tdm-content-horiz-center td-pb-border-top td_block_template_2\"  data-td-block-uid=\"tdi_19\" >\n<style>\n\n\/* inline tdc_css att *\/\n\n\/* phone *\/\n@media (max-width: 767px)\n{\n.tdi_19{\nmargin-bottom:30px !important;\n}\n}\n\n<\/style>\n<style>\n\/* custom css *\/\n.tdm_block.tdm_block_inline_image{\r\n                  position: relative;\r\n                  margin-bottom: 0;\r\n                  line-height: 0;\r\n                }.tdm_block.tdm_block_inline_image .tdm-inline-image-wrap{\r\n                  position: relative;\r\n                  display: inline-block;\r\n                }.tdm_block.tdm_block_inline_image .td-image-video-modal{\r\n                  cursor: pointer;\r\n                }.tdm_block.tdm_block_inline_image .tdm-caption{\r\n                  width: 100%;\r\n                  font-family: Verdana, BlinkMacSystemFont, -apple-system, \"Segoe UI\", Roboto, Oxygen, Ubuntu, Cantarell, \"Open Sans\", \"Helvetica Neue\", sans-serif;\r\n                  padding-top: 6px;\r\n                  padding-bottom: 6px;\r\n                  font-size: 12px;\r\n                  font-style: italic;\r\n                  font-weight: normal;\r\n                  line-height: 17px;\r\n                  color: #444;\r\n                }.tdm_block.tdm_block_inline_image.tdm-caption-over-image .tdm-caption{\r\n                  position: absolute;\r\n                  left: 0;\r\n                  bottom: 0;\r\n                  margin-top: 0;\r\n                  padding-left: 10px;\r\n                  padding-right: 10px;\r\n                  width: 100%;\r\n                  background: rgba(0, 0, 0, 0.7);\r\n                  color: #fff;\r\n                }.tdi_19 .tdm-inline-image-wrap:hover:before{\r\n                    opacity: 0;\r\n                }\n<\/style><div class=\"tdm-inline-image-wrap \" ><a href=\"https:\/\/dfc.uchile.cl\/inicio\/wp-content\/uploads\/2022\/11\/FotoHistorica-05.jpg.jpg\"><img loading=\"lazy\" decoding=\"async\" class=\"tdm-image td-fix-index td-modal-image\" src=\"https:\/\/dfc.uchile.cl\/inicio\/wp-content\/uploads\/2022\/11\/FotoHistorica-05.jpg.jpg\"  title=\"FotoHistorica-05.jpg\" width=\"1024\" height=\"683\"><\/a><\/div><\/div><\/div><\/div><\/div><\/div><\/div><\/div><\/div><\/div><div id=\"tdi_20\" class=\"tdc-row\"><div class=\"vc_row tdi_21  wpb_row td-pb-row\" >\n<style scoped>\n\n\/* custom css *\/\n.tdi_21,\r\n                .tdi_21 .tdc-columns{\r\n                    min-height: 0;\r\n                }.tdi_21,\r\n\t\t\t\t.tdi_21 .tdc-columns{\r\n\t\t\t\t    display: block;\r\n\t\t\t\t}.tdi_21 .tdc-columns{\r\n\t\t\t\t    width: 100%;\r\n\t\t\t\t}\n<\/style><div class=\"vc_column tdi_23  wpb_column vc_column_container tdc-column td-pb-span12\">\n<style scoped>\n\n\/* custom css *\/\n.tdi_23{\r\n                    vertical-align: baseline;\r\n                }.tdi_23 > .wpb_wrapper,\r\n\t\t\t\t.tdi_23 > .wpb_wrapper > .tdc-elements{\r\n\t\t\t\t    display: block;\r\n\t\t\t\t}.tdi_23 > .wpb_wrapper > .tdc-elements{\r\n\t\t\t\t    width: 100%;\r\n\t\t\t\t}.tdi_23 > .wpb_wrapper > .vc_row_inner{\r\n\t\t\t\t    width: auto;\r\n\t\t\t\t}.tdi_23 > .wpb_wrapper{\r\n\t\t\t\t    width: auto;\r\n\t\t\t\t    height: auto;\r\n\t\t\t\t}\n<\/style><div class=\"wpb_wrapper\" ><div class=\"vc_row_inner tdi_25  vc_row vc_inner wpb_row td-pb-row\" >\n<style scoped>\n\n\/* custom css *\/\n.tdi_25{\r\n                    position: relative !important;\r\n                    top: 0;\r\n                    transform: none;\r\n                    -webkit-transform: none;\r\n                }.tdi_25,\r\n\t\t\t\t.tdi_25 .tdc-inner-columns{\r\n\t\t\t\t    display: block;\r\n\t\t\t\t}.tdi_25 .tdc-inner-columns{\r\n\t\t\t\t    width: 100%;\r\n\t\t\t\t}\n<\/style><div class=\"vc_column_inner tdi_27  wpb_column vc_column_container tdc-inner-column td-pb-span6\">\n<style scoped>\n\n\/* custom css *\/\n.tdi_27{\r\n                    vertical-align: baseline;\r\n                }.tdi_27 .vc_column-inner > .wpb_wrapper,\r\n\t\t\t\t.tdi_27 .vc_column-inner > .wpb_wrapper .tdc-elements{\r\n\t\t\t\t    display: block;\r\n\t\t\t\t}.tdi_27 .vc_column-inner > .wpb_wrapper .tdc-elements{\r\n\t\t\t\t    width: 100%;\r\n\t\t\t\t}\n<\/style><div class=\"vc_column-inner\"><div class=\"wpb_wrapper\" ><div class=\"tdm_block td_block_wrap tdm_block_inline_image tdi_28 td-animation-stack tdm-content-horiz-center td-pb-border-top td_block_template_2\"  data-td-block-uid=\"tdi_28\" >\n<style>\n\n\/* inline tdc_css att *\/\n\n\/* phone *\/\n@media (max-width: 767px)\n{\n.tdi_28{\nmargin-bottom:20px !important;\n}\n}\n\n<\/style>\n<style>\n\/* custom css *\/\n.tdi_28 .tdm-inline-image-wrap:hover:before{\r\n                    opacity: 0;\r\n                }\n<\/style><div class=\"tdm-inline-image-wrap \" ><a href=\"https:\/\/dfc.uchile.cl\/inicio\/wp-content\/uploads\/2022\/11\/ciclotron-facultad-de-ciencias.jpg\"><img loading=\"lazy\" decoding=\"async\" class=\"tdm-image td-fix-index td-modal-image\" src=\"https:\/\/dfc.uchile.cl\/inicio\/wp-content\/uploads\/2022\/11\/ciclotron-facultad-de-ciencias.jpg\"  title=\"ciclotr\u00f3n facultad de ciencias\" width=\"1280\" height=\"960\"><\/a><\/div><\/div><\/div><\/div><\/div><div class=\"vc_column_inner tdi_30  wpb_column vc_column_container tdc-inner-column td-pb-span6\">\n<style scoped>\n\n\/* custom css *\/\n.tdi_30{\r\n                    vertical-align: baseline;\r\n                }.tdi_30 .vc_column-inner > .wpb_wrapper,\r\n\t\t\t\t.tdi_30 .vc_column-inner > .wpb_wrapper .tdc-elements{\r\n\t\t\t\t    display: block;\r\n\t\t\t\t}.tdi_30 .vc_column-inner > .wpb_wrapper .tdc-elements{\r\n\t\t\t\t    width: 100%;\r\n\t\t\t\t}\n<\/style><div class=\"vc_column-inner\"><div class=\"wpb_wrapper\" ><div class=\"td_block_wrap td_block_text_with_title tdi_31 tagdiv-type td-pb-border-top td_block_template_2\"  data-td-block-uid=\"tdi_31\" ><div class=\"td-block-title-wrap\"><\/div><div class=\"td_mod_wrap td-fix-index\"><p style=\"text-align: justify;\">En sus comienzos las l\u00edneas de investigaci\u00f3n principales fueron Relatividad y F\u00edsica-Matem\u00e1tica, F\u00edsica del s\u00f3lido (te\u00f3rica y experimental), Qu\u00edmico-f\u00edsica y F\u00edsica Nuclear experimental, siendo \u00e9sta \u00faltima fuertemente reforzada con la instalaci\u00f3n del Ciclotr\u00f3n en 1967: un acelerador de part\u00edculas que lleg\u00f3 desde Estados Unidos y que marc\u00f3 un hito en el desarrollo de la Facultad de Ciencias. Mientras estuvo en funcionamiento, profesores y estudiantes de f\u00edsica realizaron diversas investigaciones y experimentos en \u00e9l.<\/p>\n<p style=\"text-align: justify;\">La llegada de nuevos profesores con doctorado, la estad\u00eda de destacados investigadores extranjeros y los convenios con centros de investigaci\u00f3n internacional robustecieron al Departamento, el cual aument\u00f3 tanto sus actividades como su trabajo de investigaci\u00f3n.<\/p>\n<\/div><\/div><\/div><\/div><\/div><\/div><\/div><\/div><\/div><\/div><div id=\"tdi_32\" class=\"tdc-row\"><div class=\"vc_row tdi_33  wpb_row td-pb-row\" >\n<style scoped>\n\n\/* custom css *\/\n.tdi_33,\r\n                .tdi_33 .tdc-columns{\r\n                    min-height: 0;\r\n                }.tdi_33,\r\n\t\t\t\t.tdi_33 .tdc-columns{\r\n\t\t\t\t    display: block;\r\n\t\t\t\t}.tdi_33 .tdc-columns{\r\n\t\t\t\t    width: 100%;\r\n\t\t\t\t}\n\/* inline tdc_css att *\/\n\n.tdi_33{\npadding-top:30px !important;\n}\n\n.tdi_33 .td_block_wrap{ text-align:left }\n\n<\/style><div class=\"vc_column tdi_35  wpb_column vc_column_container tdc-column td-pb-span12\">\n<style scoped>\n\n\/* custom css *\/\n.tdi_35{\r\n                    vertical-align: baseline;\r\n                }.tdi_35 > .wpb_wrapper,\r\n\t\t\t\t.tdi_35 > .wpb_wrapper > .tdc-elements{\r\n\t\t\t\t    display: block;\r\n\t\t\t\t}.tdi_35 > .wpb_wrapper > .tdc-elements{\r\n\t\t\t\t    width: 100%;\r\n\t\t\t\t}.tdi_35 > .wpb_wrapper > .vc_row_inner{\r\n\t\t\t\t    width: auto;\r\n\t\t\t\t}.tdi_35 > .wpb_wrapper{\r\n\t\t\t\t    width: auto;\r\n\t\t\t\t    height: auto;\r\n\t\t\t\t}\n<\/style><div class=\"wpb_wrapper\" ><div class=\"vc_row_inner tdi_37  vc_row vc_inner wpb_row td-pb-row\" >\n<style scoped>\n\n\/* custom css *\/\n.tdi_37{\r\n                    position: relative !important;\r\n                    top: 0;\r\n                    transform: none;\r\n                    -webkit-transform: none;\r\n                }.tdi_37,\r\n\t\t\t\t.tdi_37 .tdc-inner-columns{\r\n\t\t\t\t    display: block;\r\n\t\t\t\t}.tdi_37 .tdc-inner-columns{\r\n\t\t\t\t    width: 100%;\r\n\t\t\t\t}\n<\/style><div class=\"vc_column_inner tdi_39  wpb_column vc_column_container tdc-inner-column td-pb-span6\">\n<style scoped>\n\n\/* custom css *\/\n.tdi_39{\r\n                    vertical-align: baseline;\r\n                }.tdi_39 .vc_column-inner > .wpb_wrapper,\r\n\t\t\t\t.tdi_39 .vc_column-inner > .wpb_wrapper .tdc-elements{\r\n\t\t\t\t    display: block;\r\n\t\t\t\t}.tdi_39 .vc_column-inner > .wpb_wrapper .tdc-elements{\r\n\t\t\t\t    width: 100%;\r\n\t\t\t\t}\n<\/style><div class=\"vc_column-inner\"><div class=\"wpb_wrapper\" ><div class=\"td_block_wrap td_block_text_with_title tdi_40 tagdiv-type td-pb-border-top td_block_template_2\"  data-td-block-uid=\"tdi_40\" ><div class=\"td-block-title-wrap\"><\/div><div class=\"td_mod_wrap td-fix-index\"><p style=\"text-align: justify;\">Este auge se expresa en el ritmo sostenido de publicaciones en las m\u00e1s prestigiosas revistas internacionales (incluido el primer \u201cpaper\u201d publicado en el <strong>Physical Review Letters<\/strong> por investigadores chilenos: Electronic Phase Transitions in Ce1-xLax Alloys, R. Ram\u00edrez y M. Kiwi, Phys. Rev. Lett. 28, 344-346, 1972) y se ve culminado con la creaci\u00f3n del primer plan de Doctorado en F\u00edsica en el pa\u00eds el <strong>a\u00f1o 1969<\/strong>.<\/p>\n<p style=\"text-align: justify;\">Los primeros Doctores en F\u00edsica se graduaron el <strong>a\u00f1o 1975<\/strong>. Un a\u00f1o despu\u00e9s, se cierra de \u201cfacto\u201d el plan de Doctorado, debido a la dictadura militar que afectaba al pa\u00eds. Los a\u00f1os inmediatamente posteriores son un per\u00edodo de lento reacomodo, en los que, pese a las dificultades, se mantuvo intacta la tradici\u00f3n del Departamento, tanto en su exigencia acad\u00e9mica y de investigaci\u00f3n, lo que permite que hoy siga posicionado como un centro l\u00edder en el pa\u00eds y la regi\u00f3n.<\/p>\n<\/div><\/div><\/div><\/div><\/div><div class=\"vc_column_inner tdi_42  wpb_column vc_column_container tdc-inner-column td-pb-span6\">\n<style scoped>\n\n\/* custom css *\/\n.tdi_42{\r\n                    vertical-align: baseline;\r\n                }.tdi_42 .vc_column-inner > .wpb_wrapper,\r\n\t\t\t\t.tdi_42 .vc_column-inner > .wpb_wrapper .tdc-elements{\r\n\t\t\t\t    display: block;\r\n\t\t\t\t}.tdi_42 .vc_column-inner > .wpb_wrapper .tdc-elements{\r\n\t\t\t\t    width: 100%;\r\n\t\t\t\t}\n<\/style><div class=\"vc_column-inner\"><div class=\"wpb_wrapper\" ><div class=\"tdm_block td_block_wrap tdm_block_inline_image tdi_43 td-animation-stack tdm-content-horiz-center td-pb-border-top td_block_template_2\"  data-td-block-uid=\"tdi_43\" >\n<style>\n\/* custom css *\/\n.tdi_43 .tdm-inline-image-wrap:hover:before{\r\n                    opacity: 0;\r\n                }\n<\/style><div class=\"tdm-inline-image-wrap \" ><a href=\"https:\/\/dfc.uchile.cl\/inicio\/wp-content\/uploads\/2022\/11\/FotoHistorica-12.jpg.jpg\"><img loading=\"lazy\" decoding=\"async\" class=\"tdm-image td-fix-index td-modal-image\" src=\"https:\/\/dfc.uchile.cl\/inicio\/wp-content\/uploads\/2022\/11\/FotoHistorica-12.jpg.jpg\"  title=\"FotoHistorica-12.jpg\" width=\"1024\" height=\"683\"><\/a><\/div><\/div><\/div><\/div><\/div><\/div><div class=\"wpb_wrapper td_block_empty_space td_block_wrap vc_empty_space tdi_45 \"  style=\"height: 32px\"><\/div><\/div><\/div><\/div><\/div><\/div><\/div>","protected":false},"excerpt":{"rendered":"","protected":false},"author":1,"featured_media":0,"parent":0,"menu_order":0,"comment_status":"closed","ping_status":"closed","template":"","meta":{"footnotes":""},"class_list":["post-123","page","type-page","status-publish"],"_links":{"self":[{"href":"https:\/\/dfc.uchile.cl\/inicio\/wp-json\/wp\/v2\/pages\/123","targetHints":{"allow":["GET"]}}],"collection":[{"href":"https:\/\/dfc.uchile.cl\/inicio\/wp-json\/wp\/v2\/pages"}],"about":[{"href":"https:\/\/dfc.uchile.cl\/inicio\/wp-json\/wp\/v2\/types\/page"}],"author":[{"embeddable":true,"href":"https:\/\/dfc.uchile.cl\/inicio\/wp-json\/wp\/v2\/users\/1"}],"replies":[{"embeddable":true,"href":"https:\/\/dfc.uchile.cl\/inicio\/wp-json\/wp\/v2\/comments?post=123"}],"version-history":[{"count":7,"href":"https:\/\/dfc.uchile.cl\/inicio\/wp-json\/wp\/v2\/pages\/123\/revisions"}],"predecessor-version":[{"id":218,"href":"https:\/\/dfc.uchile.cl\/inicio\/wp-json\/wp\/v2\/pages\/123\/revisions\/218"}],"wp:attachment":[{"href":"https:\/\/dfc.uchile.cl\/inicio\/wp-json\/wp\/v2\/media?parent=123"}],"curies":[{"name":"wp","href":"https:\/\/api.w.org\/{rel}","templated":true}]}}