{"id":220,"date":"2022-11-18T13:54:28","date_gmt":"2022-11-18T16:54:28","guid":{"rendered":"https:\/\/dfc.uchile.cl\/inicio\/?page_id=220"},"modified":"2022-11-18T18:09:57","modified_gmt":"2022-11-18T21:09:57","slug":"premio-nacional","status":"publish","type":"page","link":"https:\/\/dfc.uchile.cl\/inicio\/premio-nacional\/","title":{"rendered":"Premio Nacional de Ciencias Exactas"},"content":{"rendered":"<div id=\"tdi_1\" class=\"tdc-zone\"><div class=\"tdc_zone tdi_2  wpb_row td-pb-row\"  >\n<style scoped>\n\n\/* custom css *\/\n.tdi_2{\r\n                    min-height: 0;\r\n                }\n<\/style><div id=\"tdi_3\" class=\"tdc-row stretch_row\"><div class=\"vc_row tdi_4  wpb_row td-pb-row tdc-row-content-vert-center\" >\n<style scoped>\n\n\/* custom css *\/\n.tdi_4,\r\n                .tdi_4 .tdc-columns{\r\n                    min-height: 0;\r\n                }.tdi_4,\r\n\t\t\t\t.tdi_4 .tdc-columns{\r\n\t\t\t\t    display: block;\r\n\t\t\t\t}.tdi_4 .tdc-columns{\r\n\t\t\t\t    width: 100%;\r\n\t\t\t\t}@media (min-width: 767px) {\r\n                    .tdi_4.tdc-row-content-vert-center,\r\n                    .tdi_4.tdc-row-content-vert-center .tdc-columns {\r\n                        display: flex;\r\n                        align-items: center;\r\n                        flex: 1;\r\n                    }\r\n                    .tdi_4.tdc-row-content-vert-bottom,\r\n                    .tdi_4.tdc-row-content-vert-bottom .tdc-columns {\r\n                        display: flex;\r\n                        align-items: flex-end;\r\n                        flex: 1;\r\n                    }\r\n                    .tdi_4.tdc-row-content-vert-center .td_block_wrap {\r\n                        vertical-align: middle;\r\n                    }\r\n                    .tdi_4.tdc-row-content-vert-bottom .td_block_wrap {\r\n                        vertical-align: bottom;\r\n                    }\r\n                }\n\/* inline tdc_css att *\/\n\n.tdi_4{\nmargin-top:-46px !important;\nmargin-bottom:1px !important;\npadding-top:40px !important;\n}\n\n.tdi_4 .td_block_wrap{ text-align:left }\n\n<\/style><div class=\"vc_column tdi_6  wpb_column vc_column_container tdc-column td-pb-span12\">\n<style scoped>\n\n\/* custom css *\/\n.tdi_6{\r\n                    vertical-align: baseline;\r\n                }.tdi_6 > .wpb_wrapper,\r\n\t\t\t\t.tdi_6 > .wpb_wrapper > .tdc-elements{\r\n\t\t\t\t    display: block;\r\n\t\t\t\t}.tdi_6 > .wpb_wrapper > .tdc-elements{\r\n\t\t\t\t    width: 100%;\r\n\t\t\t\t}.tdi_6 > .wpb_wrapper > .vc_row_inner{\r\n\t\t\t\t    width: auto;\r\n\t\t\t\t}.tdi_6 > .wpb_wrapper{\r\n\t\t\t\t    width: auto;\r\n\t\t\t\t    height: auto;\r\n\t\t\t\t}\n\/* inline tdc_css att *\/\n\n.tdi_6{\nmargin-bottom:2px !important;\n}\n\n<\/style><div class=\"wpb_wrapper\" ><div class=\"td_block_wrap td_block_title tdi_7 td-pb-border-top td_block_template_9 td-fix-index\"  data-td-block-uid=\"tdi_7\" >\n<style>\n.td_block_template_9.widget > ul > li {\r\n                margin-left: 0 !important;\r\n            }\r\n            .td_block_template_9 .td-block-title {\r\n                font-size: 17px;\r\n                font-weight: 500;\r\n                margin-top: -10px;\r\n                margin-bottom: 22px;\r\n                line-height: 37px;\r\n                padding: 0;\r\n                position: relative;\r\n                text-align: left;\r\n            }\r\n            .td_block_template_9 .td-block-title:before {\r\n                content: '';\r\n                width: 100%;\r\n                height: 2px;\r\n                position: absolute;\r\n                top: 100%;\r\n                left: 0;\r\n                background-color: #f5f5f5;\r\n            }\r\n            .td_block_template_9 .td-block-title:after {\r\n                content: '';\r\n                width: 50px;\r\n                height: 2px;\r\n                position: absolute;\r\n                top: 100%;\r\n                left: 0;\r\n                margin: auto;\r\n                background-color: #4db2ec;\r\n            }\r\n            .td_block_template_9 .td-block-title > * {\r\n                color: #000;\r\n            }\r\n            .td_block_template_9 .td-subcat-filter {\r\n                line-height: 37px;\r\n                display: table;\r\n            }\r\n            .td_block_template_9 .td-subcat-dropdown {\r\n                line-height: 1;\r\n                position: static;\r\n            }\r\n            .td_block_template_9 .td-subcat-dropdown .td-subcat-more {\r\n                margin-bottom: 0 !important;\r\n            }\r\n            .td_block_template_9 .td-subcat-dropdown ul:after {\r\n                height: 2px !important;\r\n            }\r\n            .td_block_template_9 .td-related-title {\r\n                margin-top: 0 !important;\r\n            }\r\n            .td_block_template_9 .td-related-title a {\r\n                margin-right: 20px;\r\n            }\r\n            @media (max-width: 767px) {\r\n                .td_block_template_9 .td-related-title a{\r\n                    font-size: 15px;\r\n                }\r\n            }\r\n            .td_block_template_9 .td-related-title .td-cur-simple-item {\r\n                color: #4db2ec;\r\n            }\r\n            \r\n            \r\n\r\n            \r\n            .tdi_7 .td-block-title > * {\r\n                color: #003b7f !important;\r\n            }\n\/* inline tdc_css att *\/\n\n.tdi_7{\nmargin-bottom:2px !important;\npadding-bottom:15px !important;\n}\n\n<\/style>\n<style>\n\/* custom css *\/\nbody .tdi_7 .td-block-title a,\r\n\t\t\t\tbody .tdi_7 .td-block-title span{\r\n\t\t\t\t\tfont-family:Dosis !important;font-size:36px !important;font-weight:500 !important;\r\n\t\t\t\t}body .tdi_7 .td-block-title{\r\n\t\t\t\t\ttext-align: left;\r\n\t\t\t\t}body .tdi_7.td_block_template_4 .td-block-title > *:before{\r\n\t\t\t\t    right: auto;\r\n\t\t\t\t    left: 10px;\r\n\t\t\t\t}body .tdi_7.td_block_template_5 .td-block-title > *{\r\n\t\t\t\t    border-width: 0 0 0 4px;\r\n\t\t\t\t}body .tdi_7.td_block_template_8 .td-block-title > *{\r\n\t\t\t\t\tpadding-left: 0;\r\n\t\t\t\t\tpadding-right: 20px;\r\n\t\t\t\t}body .tdi_7.td_block_template_9 .td-block-title:after{\r\n\t\t\t\t\tright: auto;\r\n\t\t\t\t\tleft: 0;\r\n\t\t\t\t}body .tdi_7.td_block_template_13 .td-block-subtitle{\r\n\t\t\t\t\tright: auto;\r\n\t\t\t\t\tleft: -4px;\r\n\t\t\t\t}body .tdi_7.td_block_template_17 .td-block-title:after{\r\n\t\t\t\t\tright: auto;\r\n\t\t\t\t\tleft: 15px;\r\n\t\t\t\t}\n<\/style><div class=\"td-block-title-wrap\"><h4 class=\"td-block-title\"><span class=\"td-pulldown-size\">Premio Nacional de Ciencias Exactas 2007<\/span><\/h4><\/div><\/div><\/div><\/div><\/div><\/div><div id=\"tdi_8\" class=\"tdc-row\"><div class=\"vc_row tdi_9  wpb_row td-pb-row\" >\n<style scoped>\n\n\/* custom css *\/\n.tdi_9,\r\n                .tdi_9 .tdc-columns{\r\n                    min-height: 0;\r\n                }.tdi_9,\r\n\t\t\t\t.tdi_9 .tdc-columns{\r\n\t\t\t\t    display: block;\r\n\t\t\t\t}.tdi_9 .tdc-columns{\r\n\t\t\t\t    width: 100%;\r\n\t\t\t\t}\n<\/style><div class=\"vc_column tdi_11  wpb_column vc_column_container tdc-column td-pb-span12\">\n<style scoped>\n\n\/* custom css *\/\n.tdi_11{\r\n                    vertical-align: baseline;\r\n                }.tdi_11 > .wpb_wrapper,\r\n\t\t\t\t.tdi_11 > .wpb_wrapper > .tdc-elements{\r\n\t\t\t\t    display: block;\r\n\t\t\t\t}.tdi_11 > .wpb_wrapper > .tdc-elements{\r\n\t\t\t\t    width: 100%;\r\n\t\t\t\t}.tdi_11 > .wpb_wrapper > .vc_row_inner{\r\n\t\t\t\t    width: auto;\r\n\t\t\t\t}.tdi_11 > .wpb_wrapper{\r\n\t\t\t\t    width: auto;\r\n\t\t\t\t    height: auto;\r\n\t\t\t\t}\n<\/style><div class=\"wpb_wrapper\" ><div class=\"vc_row_inner tdi_13  vc_row vc_inner wpb_row td-pb-row\" >\n<style scoped>\n\n\/* custom css *\/\n.tdi_13{\r\n                    position: relative !important;\r\n                    top: 0;\r\n                    transform: none;\r\n                    -webkit-transform: none;\r\n                }.tdi_13,\r\n\t\t\t\t.tdi_13 .tdc-inner-columns{\r\n\t\t\t\t    display: block;\r\n\t\t\t\t}.tdi_13 .tdc-inner-columns{\r\n\t\t\t\t    width: 100%;\r\n\t\t\t\t}\n<\/style><div class=\"vc_column_inner tdi_15  wpb_column vc_column_container tdc-inner-column td-pb-span8\">\n<style scoped>\n\n\/* custom css *\/\n.tdi_15{\r\n                    vertical-align: baseline;\r\n                }.tdi_15 .vc_column-inner > .wpb_wrapper,\r\n\t\t\t\t.tdi_15 .vc_column-inner > .wpb_wrapper .tdc-elements{\r\n\t\t\t\t    display: block;\r\n\t\t\t\t}.tdi_15 .vc_column-inner > .wpb_wrapper .tdc-elements{\r\n\t\t\t\t    width: 100%;\r\n\t\t\t\t}\n<\/style><div class=\"vc_column-inner\"><div class=\"wpb_wrapper\" ><div class=\"td_block_wrap td_block_text_with_title tdi_16 tagdiv-type td-pb-border-top td_block_template_1\"  data-td-block-uid=\"tdi_16\" >\n<style>\n\/* custom css *\/\n.td_block_text_with_title{\r\n                  margin-bottom: 44px;\r\n                  -webkit-transform: translateZ(0);\r\n                  transform: translateZ(0);\r\n                }.td_block_text_with_title p:last-child{\r\n                  margin-bottom: 0;\r\n                }.tdi_16 h4{\r\n\t\t\t        font-size:20px !important;\r\n\t\t        }\n<\/style><div class=\"td-block-title-wrap\"><h4 class=\"block-title td-block-title\"><span class=\"td-pulldown-size\">Miguel Kiwi Tichauer<\/span><\/h4><\/div><div class=\"td_mod_wrap td-fix-index\"><p style=\"text-align: justify;\"><strong>Ingeniero civil mec\u00e1nico<\/strong> de la Universidad T\u00e9cnica Federico Santa Mar\u00eda, doctor en F\u00edsica de la <strong>Universidad de Virginia<\/strong>, Estados Unidos (1967) y Premio Nacional de Ciencias Exactas 2007, Miguel Kiwi Tichauer es, actualmente, acad\u00e9mico e investigador del Departamento de F\u00edsica de la Facultad de Ciencias de la Universidad de Chile, departamento que ayud\u00f3 a fundar en 1965 y del que, adem\u00e1s, ha sido su director entre los a\u00f1os 1969 y 1970 y entre 2014 y 2018.<\/p>\n<p style=\"text-align: justify;\">Inici\u00f3 su trabajo de <strong>investigaci\u00f3n<\/strong> en la <strong>Universidad de Chile<\/strong> el a\u00f1o 1962, desarrollando por 60 a\u00f1os una destacada labor en el avance de la f\u00edsica en nuestro pa\u00eds y en la formaci\u00f3n de doctores en el \u00e1rea de la f\u00edsica de la materia condensada y en la generaci\u00f3n de investigaciones de ato impacto. Una de las \u00faltimas fue su descubrimiento sobre el <strong>fen\u00f3meno Exchange-bias en magnetismo<\/strong> y sus potenciales impactos en la industria inform\u00e1tica y nanotecnolog\u00eda.<\/p>\n<p style=\"text-align: justify;\">En 2007, el Ministerio de Ciencia, Tecnolog\u00eda, Conocimiento e Innovaci\u00f3n de Chile le otorga el Premio Nacional de Ciencias Exactas, galard\u00f3n que se suma a una larga lista de distinciones e importantes cargos, como la <strong>beca Guggenheim, <\/strong>el Premio de la Cr\u00edtica por la exposici\u00f3n Est\u00e9tica en las Ciencias, el <strong>premio a la Cooperaci\u00f3n Internacional en Ciencia, Tecnolog\u00eda e Innovaci\u00f3n &#8220;Dr. Luis Federico Leloir (Argentina, 2014), adem\u00e1s de ser<\/strong> <strong>p<\/strong><strong>residente de la Sociedad Chilena de F\u00edsica y <\/strong>miembro de la <strong>Sociedad Americana de F\u00edsica<\/strong>.<\/p>\n<p style=\"text-align: justify;\">En 2022, la Universidad de Chile, lo vuelve a distinguir, en el marco de las celebraciones de los 180 a\u00f1os de esta casa de estudios, por el aporte a la Investigaci\u00f3n y Desarrollo que sigue realizando a la ciencia chilena y mundial, desde el Departamento de F\u00edsica, de la Facultad de Ciencias.<\/p>\n<\/div><\/div><\/div><\/div><\/div><div class=\"vc_column_inner tdi_18  wpb_column vc_column_container tdc-inner-column td-pb-span4\">\n<style scoped>\n\n\/* custom css *\/\n.tdi_18{\r\n                    vertical-align: baseline;\r\n                }.tdi_18 .vc_column-inner > .wpb_wrapper,\r\n\t\t\t\t.tdi_18 .vc_column-inner > .wpb_wrapper .tdc-elements{\r\n\t\t\t\t    display: block;\r\n\t\t\t\t}.tdi_18 .vc_column-inner > .wpb_wrapper .tdc-elements{\r\n\t\t\t\t    width: 100%;\r\n\t\t\t\t}\n<\/style><div class=\"vc_column-inner\"><div class=\"wpb_wrapper\" ><div class=\"tdm_block td_block_wrap tdm_block_inline_image tdi_19 td-animation-stack tdm-content-horiz-center td-pb-border-top td_block_template_2\"  data-td-block-uid=\"tdi_19\" >\n<style>\n\n\/* inline tdc_css att *\/\n\n.tdi_19{\npadding-top:30px !important;\n}\n\n<\/style>\n<style>\n\/* custom css *\/\n.tdm_block.tdm_block_inline_image{\r\n                  position: relative;\r\n                  margin-bottom: 0;\r\n                  line-height: 0;\r\n                }.tdm_block.tdm_block_inline_image .tdm-inline-image-wrap{\r\n                  position: relative;\r\n                  display: inline-block;\r\n                }.tdm_block.tdm_block_inline_image .td-image-video-modal{\r\n                  cursor: pointer;\r\n                }.tdm_block.tdm_block_inline_image .tdm-caption{\r\n                  width: 100%;\r\n                  font-family: Verdana, BlinkMacSystemFont, -apple-system, \"Segoe UI\", Roboto, Oxygen, Ubuntu, Cantarell, \"Open Sans\", \"Helvetica Neue\", sans-serif;\r\n                  padding-top: 6px;\r\n                  padding-bottom: 6px;\r\n                  font-size: 12px;\r\n                  font-style: italic;\r\n                  font-weight: normal;\r\n                  line-height: 17px;\r\n                  color: #444;\r\n                }.tdm_block.tdm_block_inline_image.tdm-caption-over-image .tdm-caption{\r\n                  position: absolute;\r\n                  left: 0;\r\n                  bottom: 0;\r\n                  margin-top: 0;\r\n                  padding-left: 10px;\r\n                  padding-right: 10px;\r\n                  width: 100%;\r\n                  background: rgba(0, 0, 0, 0.7);\r\n                  color: #fff;\r\n                }.tdi_19 .tdm-inline-image-wrap:hover:before{\r\n                    opacity: 0;\r\n                }\n<\/style><div class=\"tdm-inline-image-wrap \" ><a href=\"https:\/\/dfc.uchile.cl\/inicio\/wp-content\/uploads\/2022\/11\/ProfeKiwi.jpg\"><img loading=\"lazy\" decoding=\"async\" class=\"tdm-image td-fix-index td-modal-image\" src=\"https:\/\/dfc.uchile.cl\/inicio\/wp-content\/uploads\/2022\/11\/ProfeKiwi.jpg\"  title=\"ProfeKiwi\" width=\"800\" height=\"1200\"><\/a><\/div><\/div><\/div><\/div><\/div><\/div><\/div><\/div><\/div><\/div><\/div><\/div>","protected":false},"excerpt":{"rendered":"","protected":false},"author":1,"featured_media":0,"parent":0,"menu_order":0,"comment_status":"closed","ping_status":"closed","template":"","meta":{"footnotes":""},"class_list":["post-220","page","type-page","status-publish"],"_links":{"self":[{"href":"https:\/\/dfc.uchile.cl\/inicio\/wp-json\/wp\/v2\/pages\/220","targetHints":{"allow":["GET"]}}],"collection":[{"href":"https:\/\/dfc.uchile.cl\/inicio\/wp-json\/wp\/v2\/pages"}],"about":[{"href":"https:\/\/dfc.uchile.cl\/inicio\/wp-json\/wp\/v2\/types\/page"}],"author":[{"embeddable":true,"href":"https:\/\/dfc.uchile.cl\/inicio\/wp-json\/wp\/v2\/users\/1"}],"replies":[{"embeddable":true,"href":"https:\/\/dfc.uchile.cl\/inicio\/wp-json\/wp\/v2\/comments?post=220"}],"version-history":[{"count":4,"href":"https:\/\/dfc.uchile.cl\/inicio\/wp-json\/wp\/v2\/pages\/220\/revisions"}],"predecessor-version":[{"id":286,"href":"https:\/\/dfc.uchile.cl\/inicio\/wp-json\/wp\/v2\/pages\/220\/revisions\/286"}],"wp:attachment":[{"href":"https:\/\/dfc.uchile.cl\/inicio\/wp-json\/wp\/v2\/media?parent=220"}],"curies":[{"name":"wp","href":"https:\/\/api.w.org\/{rel}","templated":true}]}}